{"id":7,"date":"2014-11-11T11:12:55","date_gmt":"2014-11-11T11:12:55","guid":{"rendered":"http:\/\/anpsthemes.com\/constructo\/?page_id=7"},"modified":"2014-11-11T11:12:55","modified_gmt":"2014-11-11T11:12:55","slug":"isotop-portfolio","status":"publish","type":"page","link":"https:\/\/www.contab.com.br\/sis\/isotop-portfolio\/","title":{"rendered":"Isotop portfolio"},"content":{"rendered":"<p>[vc_row has_content=&#8221;true&#8221;][vc_column]<ul class='filter style-1'><i style=\"color: #000000;\" class=\"fa fa-filter\"><\/i><li><button style=\"color: #000000;\" class=\"selected\" data-filter=\"*\">All<\/button><\/li><span style=\"color: #000000;\">\/<\/span><li><button style=\"color: #000000;\" data-filter=\"contabilidade\">Contabilidade<\/button><\/li><span style=\"color: #000000;\">\/<\/span><li><button style=\"color: #000000;\" data-filter=\"administra\u00e7\u00e3o\">Administra\u00e7\u00e3o<\/button><\/li><span style=\"color: #000000;\">\/<\/span><li><button style=\"color: #000000;\" data-filter=\"legal\">Legal<\/button><\/li><span style=\"color: #000000;\">\/<\/span><li><button style=\"color: #000000;\" data-filter=\"imposto\">Imposto<\/button><\/li><\/ul><ul class='portfolio isotope classic'><li class='isotope-item administra\u00e7\u00e3o contabilidade col-xs-6 col-md-4'><article class='inner'><div class='item-hover '><div class='mask'><\/div><div class='item-info item item-type-line'><div class='headline'><h3><a class='item-hover' href=https:\/\/www.contab.com.br\/sis\/portfolio\/the-expert-service\/>The expert service<\/a><\/h3><a class='btn btn-sm' href=https:\/\/www.contab.com.br\/sis\/portfolio\/the-expert-service\/>Leia mais<\/a><\/div><\/div><\/div><div class='item-img'><img loading=\"lazy\" decoding=\"async\" width=\"360\" height=\"267\" src=\"https:\/\/www.contab.com.br\/sis\/wp-content\/uploads\/2014\/12\/9p1-360x267.jpg\" class=\"attachment-post-thumb size-post-thumb wp-post-image\" alt=\"\" \/><\/div><\/article><\/li><li class='isotope-item administra\u00e7\u00e3o contabilidade imposto legal col-xs-6 col-md-4'><article class='inner'><div class='item-hover '><div class='mask'><\/div><div class='item-info item item-type-line'><div class='headline'><h3><a class='item-hover' href=https:\/\/www.contab.com.br\/sis\/portfolio\/tax-forms\/>Tax forms<\/a><\/h3><a class='btn btn-sm' href=https:\/\/www.contab.com.br\/sis\/portfolio\/tax-forms\/>Leia mais<\/a><\/div><\/div><\/div><div class='item-img'><img loading=\"lazy\" decoding=\"async\" width=\"360\" height=\"267\" src=\"https:\/\/www.contab.com.br\/sis\/wp-content\/uploads\/2014\/12\/9p1-360x267.jpg\" class=\"attachment-post-thumb size-post-thumb wp-post-image\" alt=\"\" \/><\/div><\/article><\/li><li class='isotope-item administra\u00e7\u00e3o imposto legal col-xs-6 col-md-4'><article class='inner'><div class='item-hover '><div class='mask'><\/div><div class='item-info item item-type-line'><div class='headline'><h3><a class='item-hover' href=https:\/\/www.contab.com.br\/sis\/portfolio\/finest-accounting\/>Finest accounting<\/a><\/h3><a class='btn btn-sm' href=https:\/\/www.contab.com.br\/sis\/portfolio\/finest-accounting\/>Leia mais<\/a><\/div><\/div><\/div><div class='item-img'><img loading=\"lazy\" decoding=\"async\" width=\"360\" height=\"267\" src=\"https:\/\/www.contab.com.br\/sis\/wp-content\/uploads\/2014\/12\/9p1-360x267.jpg\" class=\"attachment-post-thumb size-post-thumb wp-post-image\" alt=\"\" \/><\/div><\/article><\/li><li class='isotope-item imposto legal col-xs-6 col-md-4'><article class='inner'><div class='item-hover '><div class='mask'><\/div><div class='item-info item item-type-line'><div class='headline'><h3><a class='item-hover' href=https:\/\/www.contab.com.br\/sis\/portfolio\/tax-consulting\/>Tax consulting<\/a><\/h3><a class='btn btn-sm' href=https:\/\/www.contab.com.br\/sis\/portfolio\/tax-consulting\/>Leia mais<\/a><\/div><\/div><\/div><div class='item-img'><img loading=\"lazy\" decoding=\"async\" width=\"360\" height=\"267\" src=\"https:\/\/www.contab.com.br\/sis\/wp-content\/uploads\/2014\/12\/9p1-360x267.jpg\" class=\"attachment-post-thumb size-post-thumb wp-post-image\" alt=\"\" \/><\/div><\/article><\/li><li class='isotope-item administra\u00e7\u00e3o contabilidade col-xs-6 col-md-4'><article class='inner'><div class='item-hover '><div class='mask'><\/div><div class='item-info item item-type-line'><div class='headline'><h3><a class='item-hover' href=https:\/\/www.contab.com.br\/sis\/portfolio\/team-work\/>Team work<\/a><\/h3><a class='btn btn-sm' href=https:\/\/www.contab.com.br\/sis\/portfolio\/team-work\/>Leia mais<\/a><\/div><\/div><\/div><div class='item-img'><img loading=\"lazy\" decoding=\"async\" width=\"360\" height=\"267\" src=\"https:\/\/www.contab.com.br\/sis\/wp-content\/uploads\/2014\/12\/9p1-360x267.jpg\" class=\"attachment-post-thumb size-post-thumb wp-post-image\" alt=\"\" \/><\/div><\/article><\/li><li class='isotope-item administra\u00e7\u00e3o contabilidade col-xs-6 col-md-4'><article class='inner'><div class='item-hover '><div class='mask'><\/div><div class='item-info item item-type-line'><div class='headline'><h3><a class='item-hover' href=https:\/\/www.contab.com.br\/sis\/portfolio\/accounting\/>Accounting<\/a><\/h3><a class='btn btn-sm' href=https:\/\/www.contab.com.br\/sis\/portfolio\/accounting\/>Leia mais<\/a><\/div><\/div><\/div><div class='item-img'><img loading=\"lazy\" decoding=\"async\" width=\"360\" height=\"267\" src=\"https:\/\/www.contab.com.br\/sis\/wp-content\/uploads\/2014\/12\/9p1-360x267.jpg\" class=\"attachment-post-thumb size-post-thumb wp-post-image\" alt=\"\" \/><\/div><\/article><\/li><li class='isotope-item administra\u00e7\u00e3o contabilidade imposto legal col-xs-6 col-md-4'><article class='inner'><div class='item-hover '><div class='mask'><\/div><div class='item-info item item-type-line'><div class='headline'><h3><a class='item-hover' href=https:\/\/www.contab.com.br\/sis\/portfolio\/file-archiving\/>File archiving<\/a><\/h3><a class='btn btn-sm' href=https:\/\/www.contab.com.br\/sis\/portfolio\/file-archiving\/>Leia mais<\/a><\/div><\/div><\/div><div class='item-img'><img loading=\"lazy\" decoding=\"async\" width=\"360\" height=\"267\" src=\"https:\/\/www.contab.com.br\/sis\/wp-content\/uploads\/2014\/12\/9p1-360x267.jpg\" class=\"attachment-post-thumb size-post-thumb wp-post-image\" alt=\"\" \/><\/div><\/article><\/li><li class='isotope-item administra\u00e7\u00e3o contabilidade imposto col-xs-6 col-md-4'><article class='inner'><div class='item-hover '><div class='mask'><\/div><div class='item-info item item-type-line'><div class='headline'><h3><a class='item-hover' href=https:\/\/www.contab.com.br\/sis\/portfolio\/statistics-services\/>Statistics services<\/a><\/h3><a class='btn btn-sm' href=https:\/\/www.contab.com.br\/sis\/portfolio\/statistics-services\/>Leia mais<\/a><\/div><\/div><\/div><div class='item-img'><img loading=\"lazy\" decoding=\"async\" width=\"360\" height=\"267\" src=\"https:\/\/www.contab.com.br\/sis\/wp-content\/uploads\/2014\/12\/9p1-360x267.jpg\" class=\"attachment-post-thumb size-post-thumb wp-post-image\" alt=\"\" \/><\/div><\/article><\/li><li class='isotope-item legal col-xs-6 col-md-4'><article class='inner'><div class='item-hover '><div class='mask'><\/div><div class='item-info item item-type-line'><div class='headline'><h3><a class='item-hover' href=https:\/\/www.contab.com.br\/sis\/portfolio\/legal-consulting\/>Legal consulting<\/a><\/h3><a class='btn btn-sm' href=https:\/\/www.contab.com.br\/sis\/portfolio\/legal-consulting\/>Leia mais<\/a><\/div><\/div><\/div><div class='item-img'><img loading=\"lazy\" decoding=\"async\" width=\"360\" height=\"267\" src=\"https:\/\/www.contab.com.br\/sis\/wp-content\/uploads\/2014\/12\/9p1-360x267.jpg\" class=\"attachment-post-thumb size-post-thumb wp-post-image\" alt=\"\" \/><\/div><\/article><\/li><\/ul>[\/vc_column][\/vc_row]<\/p>\n","protected":false},"excerpt":{"rendered":"<p>[vc_row has_content=&#8221;true&#8221;][vc_column][\/vc_column][\/vc_row]<\/p>\n","protected":false},"author":2,"featured_media":0,"parent":0,"menu_order":0,"comment_status":"open","ping_status":"open","template":"","meta":{"_joinchat":[],"footnotes":""},"class_list":["post-7","page","type-page","status-publish","hentry"],"yoast_head":"<!-- This site is optimized with the Yoast SEO plugin v27.1.1 - https:\/\/yoast.com\/product\/yoast-seo-wordpress\/ -->\n<title>Isotop portfolio - Contab<\/title>\n<meta name=\"description\" content=\"Contab - Organiza\u00e7\u00e3o T\u00e9cnica de Contabilidade. H\u00e1 mais de 50 anos oferecendo servi\u00e7os de qualidade e seriedade em gest\u00e3o cont\u00e1bil, tribut\u00e1ria, empresarial e pessoal,\" \/>\n<meta name=\"robots\" content=\"index, follow, max-snippet:-1, max-image-preview:large, max-video-preview:-1\" \/>\n<link rel=\"canonical\" href=\"https:\/\/www.contab.com.br\/sis\/isotop-portfolio\/\" \/>\n<meta property=\"og:locale\" content=\"pt_BR\" \/>\n<meta property=\"og:type\" content=\"article\" \/>\n<meta property=\"og:title\" content=\"Isotop portfolio - Contab\" \/>\n<meta property=\"og:description\" content=\"Contab - Organiza\u00e7\u00e3o T\u00e9cnica de Contabilidade. H\u00e1 mais de 50 anos oferecendo servi\u00e7os de qualidade e seriedade em gest\u00e3o cont\u00e1bil, tribut\u00e1ria, empresarial e pessoal,\" \/>\n<meta property=\"og:url\" content=\"https:\/\/www.contab.com.br\/sis\/isotop-portfolio\/\" \/>\n<meta property=\"og:site_name\" content=\"Contab\" \/>\n<meta property=\"article:publisher\" content=\"https:\/\/www.facebook.com\/contab.tec\" \/>\n<meta name=\"twitter:card\" content=\"summary_large_image\" \/>\n<script type=\"application\/ld+json\" class=\"yoast-schema-graph\">{\"@context\":\"https:\/\/schema.org\",\"@graph\":[{\"@type\":\"WebPage\",\"@id\":\"https:\/\/www.contab.com.br\/sis\/isotop-portfolio\/\",\"url\":\"https:\/\/www.contab.com.br\/sis\/isotop-portfolio\/\",\"name\":\"Isotop portfolio - Contab\",\"isPartOf\":{\"@id\":\"https:\/\/www.contab.com.br\/sis\/#website\"},\"datePublished\":\"2014-11-11T11:12:55+00:00\",\"description\":\"Contab - Organiza\u00e7\u00e3o T\u00e9cnica de Contabilidade. H\u00e1 mais de 50 anos oferecendo servi\u00e7os de qualidade e seriedade em gest\u00e3o cont\u00e1bil, tribut\u00e1ria, empresarial e pessoal,\",\"breadcrumb\":{\"@id\":\"https:\/\/www.contab.com.br\/sis\/isotop-portfolio\/#breadcrumb\"},\"inLanguage\":\"pt-BR\",\"potentialAction\":[{\"@type\":\"ReadAction\",\"target\":[\"https:\/\/www.contab.com.br\/sis\/isotop-portfolio\/\"]}]},{\"@type\":\"BreadcrumbList\",\"@id\":\"https:\/\/www.contab.com.br\/sis\/isotop-portfolio\/#breadcrumb\",\"itemListElement\":[{\"@type\":\"ListItem\",\"position\":1,\"name\":\"In\u00edcio\",\"item\":\"https:\/\/www.contab.com.br\/sis\/\"},{\"@type\":\"ListItem\",\"position\":2,\"name\":\"Isotop portfolio\"}]},{\"@type\":\"WebSite\",\"@id\":\"https:\/\/www.contab.com.br\/sis\/#website\",\"url\":\"https:\/\/www.contab.com.br\/sis\/\",\"name\":\"Contab\",\"description\":\"Organiza\u00e7\u00e3o T\u00e9cnica de Contabilidade - Rio de Janeiro\",\"publisher\":{\"@id\":\"https:\/\/www.contab.com.br\/sis\/#organization\"},\"potentialAction\":[{\"@type\":\"SearchAction\",\"target\":{\"@type\":\"EntryPoint\",\"urlTemplate\":\"https:\/\/www.contab.com.br\/sis\/?s={search_term_string}\"},\"query-input\":{\"@type\":\"PropertyValueSpecification\",\"valueRequired\":true,\"valueName\":\"search_term_string\"}}],\"inLanguage\":\"pt-BR\"},{\"@type\":\"Organization\",\"@id\":\"https:\/\/www.contab.com.br\/sis\/#organization\",\"name\":\"Contab - Organiza\u00e7\u00e3o T\u00e9cnica de Contabilidade\",\"url\":\"https:\/\/www.contab.com.br\/sis\/\",\"logo\":{\"@type\":\"ImageObject\",\"inLanguage\":\"pt-BR\",\"@id\":\"https:\/\/www.contab.com.br\/sis\/#\/schema\/logo\/image\/\",\"url\":\"https:\/\/www.contab.com.br\/sis\/wp-content\/uploads\/2016\/01\/LogoContab-ok-1.jpg\",\"contentUrl\":\"https:\/\/www.contab.com.br\/sis\/wp-content\/uploads\/2016\/01\/LogoContab-ok-1.jpg\",\"width\":220,\"height\":150,\"caption\":\"Contab - Organiza\u00e7\u00e3o T\u00e9cnica de Contabilidade\"},\"image\":{\"@id\":\"https:\/\/www.contab.com.br\/sis\/#\/schema\/logo\/image\/\"},\"sameAs\":[\"https:\/\/www.facebook.com\/contab.tec\"]}]}<\/script>\n<!-- \/ Yoast SEO plugin. -->","yoast_head_json":{"title":"Isotop portfolio - Contab","description":"Contab - Organiza\u00e7\u00e3o T\u00e9cnica de Contabilidade. H\u00e1 mais de 50 anos oferecendo servi\u00e7os de qualidade e seriedade em gest\u00e3o cont\u00e1bil, tribut\u00e1ria, empresarial e pessoal,","robots":{"index":"index","follow":"follow","max-snippet":"max-snippet:-1","max-image-preview":"max-image-preview:large","max-video-preview":"max-video-preview:-1"},"canonical":"https:\/\/www.contab.com.br\/sis\/isotop-portfolio\/","og_locale":"pt_BR","og_type":"article","og_title":"Isotop portfolio - Contab","og_description":"Contab - Organiza\u00e7\u00e3o T\u00e9cnica de Contabilidade. H\u00e1 mais de 50 anos oferecendo servi\u00e7os de qualidade e seriedade em gest\u00e3o cont\u00e1bil, tribut\u00e1ria, empresarial e pessoal,","og_url":"https:\/\/www.contab.com.br\/sis\/isotop-portfolio\/","og_site_name":"Contab","article_publisher":"https:\/\/www.facebook.com\/contab.tec","twitter_card":"summary_large_image","schema":{"@context":"https:\/\/schema.org","@graph":[{"@type":"WebPage","@id":"https:\/\/www.contab.com.br\/sis\/isotop-portfolio\/","url":"https:\/\/www.contab.com.br\/sis\/isotop-portfolio\/","name":"Isotop portfolio - Contab","isPartOf":{"@id":"https:\/\/www.contab.com.br\/sis\/#website"},"datePublished":"2014-11-11T11:12:55+00:00","description":"Contab - Organiza\u00e7\u00e3o T\u00e9cnica de Contabilidade. H\u00e1 mais de 50 anos oferecendo servi\u00e7os de qualidade e seriedade em gest\u00e3o cont\u00e1bil, tribut\u00e1ria, empresarial e pessoal,","breadcrumb":{"@id":"https:\/\/www.contab.com.br\/sis\/isotop-portfolio\/#breadcrumb"},"inLanguage":"pt-BR","potentialAction":[{"@type":"ReadAction","target":["https:\/\/www.contab.com.br\/sis\/isotop-portfolio\/"]}]},{"@type":"BreadcrumbList","@id":"https:\/\/www.contab.com.br\/sis\/isotop-portfolio\/#breadcrumb","itemListElement":[{"@type":"ListItem","position":1,"name":"In\u00edcio","item":"https:\/\/www.contab.com.br\/sis\/"},{"@type":"ListItem","position":2,"name":"Isotop portfolio"}]},{"@type":"WebSite","@id":"https:\/\/www.contab.com.br\/sis\/#website","url":"https:\/\/www.contab.com.br\/sis\/","name":"Contab","description":"Organiza\u00e7\u00e3o T\u00e9cnica de Contabilidade - Rio de Janeiro","publisher":{"@id":"https:\/\/www.contab.com.br\/sis\/#organization"},"potentialAction":[{"@type":"SearchAction","target":{"@type":"EntryPoint","urlTemplate":"https:\/\/www.contab.com.br\/sis\/?s={search_term_string}"},"query-input":{"@type":"PropertyValueSpecification","valueRequired":true,"valueName":"search_term_string"}}],"inLanguage":"pt-BR"},{"@type":"Organization","@id":"https:\/\/www.contab.com.br\/sis\/#organization","name":"Contab - Organiza\u00e7\u00e3o T\u00e9cnica de Contabilidade","url":"https:\/\/www.contab.com.br\/sis\/","logo":{"@type":"ImageObject","inLanguage":"pt-BR","@id":"https:\/\/www.contab.com.br\/sis\/#\/schema\/logo\/image\/","url":"https:\/\/www.contab.com.br\/sis\/wp-content\/uploads\/2016\/01\/LogoContab-ok-1.jpg","contentUrl":"https:\/\/www.contab.com.br\/sis\/wp-content\/uploads\/2016\/01\/LogoContab-ok-1.jpg","width":220,"height":150,"caption":"Contab - Organiza\u00e7\u00e3o T\u00e9cnica de Contabilidade"},"image":{"@id":"https:\/\/www.contab.com.br\/sis\/#\/schema\/logo\/image\/"},"sameAs":["https:\/\/www.facebook.com\/contab.tec"]}]}},"_links":{"self":[{"href":"https:\/\/www.contab.com.br\/sis\/wp-json\/wp\/v2\/pages\/7","targetHints":{"allow":["GET"]}}],"collection":[{"href":"https:\/\/www.contab.com.br\/sis\/wp-json\/wp\/v2\/pages"}],"about":[{"href":"https:\/\/www.contab.com.br\/sis\/wp-json\/wp\/v2\/types\/page"}],"author":[{"embeddable":true,"href":"https:\/\/www.contab.com.br\/sis\/wp-json\/wp\/v2\/users\/2"}],"replies":[{"embeddable":true,"href":"https:\/\/www.contab.com.br\/sis\/wp-json\/wp\/v2\/comments?post=7"}],"version-history":[{"count":0,"href":"https:\/\/www.contab.com.br\/sis\/wp-json\/wp\/v2\/pages\/7\/revisions"}],"wp:attachment":[{"href":"https:\/\/www.contab.com.br\/sis\/wp-json\/wp\/v2\/media?parent=7"}],"curies":[{"name":"wp","href":"https:\/\/api.w.org\/{rel}","templated":true}]}}