{"id":483,"date":"2014-12-15T11:44:53","date_gmt":"2014-12-15T11:44:53","guid":{"rendered":"http:\/\/anpsthemes.com\/constructo\/?page_id=483"},"modified":"2016-01-28T14:47:21","modified_gmt":"2016-01-28T14:47:21","slug":"404-page","status":"publish","type":"page","link":"https:\/\/www.contab.com.br\/sis\/404-page\/","title":{"rendered":"P\u00e1gina 404"},"content":{"rendered":"<p>[vc_row][vc_column][vc_column_text]<\/p>\n<h1 style=\"text-align: center;\">Algo est\u00e1 errado!<\/h1>\n<h6 style=\"text-align: center;\"><span style=\"color: #c7c7c7;\">Esta p\u00e1gina n\u00e3o existe.<\/span><\/h6>\n<p style=\"text-align: center;\">Contate-nos atrav\u00e9s dos canais dispon\u00edveis.<\/p>\n<p>[\/vc_column_text][\/vc_column][\/vc_row]<\/p>\n","protected":false},"excerpt":{"rendered":"<p>[vc_row][vc_column][vc_column_text] Algo est\u00e1 errado! Esta p\u00e1gina n\u00e3o existe. Contate-nos atrav\u00e9s dos canais dispon\u00edveis. [\/vc_column_text][\/vc_column][\/vc_row]<\/p>\n","protected":false},"author":2,"featured_media":0,"parent":0,"menu_order":0,"comment_status":"open","ping_status":"open","template":"","meta":{"_joinchat":[],"footnotes":""},"class_list":["post-483","page","type-page","status-publish","hentry"],"yoast_head":"<!-- This site is optimized with the Yoast SEO plugin v27.1.1 - https:\/\/yoast.com\/product\/yoast-seo-wordpress\/ -->\n<title>P\u00e1gina 404 - Contab<\/title>\n<meta name=\"description\" content=\"Contab - Organiza\u00e7\u00e3o T\u00e9cnica de Contabilidade. H\u00e1 mais de 50 anos oferecendo servi\u00e7os de qualidade e seriedade em gest\u00e3o cont\u00e1bil, tribut\u00e1ria, empresarial e pessoal,\" \/>\n<meta name=\"robots\" content=\"index, follow, max-snippet:-1, max-image-preview:large, max-video-preview:-1\" \/>\n<link rel=\"canonical\" href=\"https:\/\/www.contab.com.br\/sis\/404-page\/\" \/>\n<meta property=\"og:locale\" content=\"pt_BR\" \/>\n<meta property=\"og:type\" content=\"article\" \/>\n<meta property=\"og:title\" content=\"P\u00e1gina 404 - Contab\" \/>\n<meta property=\"og:description\" content=\"Contab - Organiza\u00e7\u00e3o T\u00e9cnica de Contabilidade. H\u00e1 mais de 50 anos oferecendo servi\u00e7os de qualidade e seriedade em gest\u00e3o cont\u00e1bil, tribut\u00e1ria, empresarial e pessoal,\" \/>\n<meta property=\"og:url\" content=\"https:\/\/www.contab.com.br\/sis\/404-page\/\" \/>\n<meta property=\"og:site_name\" content=\"Contab\" \/>\n<meta property=\"article:publisher\" content=\"https:\/\/www.facebook.com\/contab.tec\" \/>\n<meta property=\"article:modified_time\" content=\"2016-01-28T14:47:21+00:00\" \/>\n<meta name=\"twitter:card\" content=\"summary_large_image\" \/>\n<script type=\"application\/ld+json\" class=\"yoast-schema-graph\">{\"@context\":\"https:\/\/schema.org\",\"@graph\":[{\"@type\":\"WebPage\",\"@id\":\"https:\/\/www.contab.com.br\/sis\/404-page\/\",\"url\":\"https:\/\/www.contab.com.br\/sis\/404-page\/\",\"name\":\"P\u00e1gina 404 - Contab\",\"isPartOf\":{\"@id\":\"https:\/\/www.contab.com.br\/sis\/#website\"},\"datePublished\":\"2014-12-15T11:44:53+00:00\",\"dateModified\":\"2016-01-28T14:47:21+00:00\",\"description\":\"Contab - Organiza\u00e7\u00e3o T\u00e9cnica de Contabilidade. H\u00e1 mais de 50 anos oferecendo servi\u00e7os de qualidade e seriedade em gest\u00e3o cont\u00e1bil, tribut\u00e1ria, empresarial e pessoal,\",\"breadcrumb\":{\"@id\":\"https:\/\/www.contab.com.br\/sis\/404-page\/#breadcrumb\"},\"inLanguage\":\"pt-BR\",\"potentialAction\":[{\"@type\":\"ReadAction\",\"target\":[\"https:\/\/www.contab.com.br\/sis\/404-page\/\"]}]},{\"@type\":\"BreadcrumbList\",\"@id\":\"https:\/\/www.contab.com.br\/sis\/404-page\/#breadcrumb\",\"itemListElement\":[{\"@type\":\"ListItem\",\"position\":1,\"name\":\"In\u00edcio\",\"item\":\"https:\/\/www.contab.com.br\/sis\/\"},{\"@type\":\"ListItem\",\"position\":2,\"name\":\"P\u00e1gina 404\"}]},{\"@type\":\"WebSite\",\"@id\":\"https:\/\/www.contab.com.br\/sis\/#website\",\"url\":\"https:\/\/www.contab.com.br\/sis\/\",\"name\":\"Contab\",\"description\":\"Organiza\u00e7\u00e3o T\u00e9cnica de Contabilidade - Rio de Janeiro\",\"publisher\":{\"@id\":\"https:\/\/www.contab.com.br\/sis\/#organization\"},\"potentialAction\":[{\"@type\":\"SearchAction\",\"target\":{\"@type\":\"EntryPoint\",\"urlTemplate\":\"https:\/\/www.contab.com.br\/sis\/?s={search_term_string}\"},\"query-input\":{\"@type\":\"PropertyValueSpecification\",\"valueRequired\":true,\"valueName\":\"search_term_string\"}}],\"inLanguage\":\"pt-BR\"},{\"@type\":\"Organization\",\"@id\":\"https:\/\/www.contab.com.br\/sis\/#organization\",\"name\":\"Contab - Organiza\u00e7\u00e3o T\u00e9cnica de Contabilidade\",\"url\":\"https:\/\/www.contab.com.br\/sis\/\",\"logo\":{\"@type\":\"ImageObject\",\"inLanguage\":\"pt-BR\",\"@id\":\"https:\/\/www.contab.com.br\/sis\/#\/schema\/logo\/image\/\",\"url\":\"https:\/\/www.contab.com.br\/sis\/wp-content\/uploads\/2016\/01\/LogoContab-ok-1.jpg\",\"contentUrl\":\"https:\/\/www.contab.com.br\/sis\/wp-content\/uploads\/2016\/01\/LogoContab-ok-1.jpg\",\"width\":220,\"height\":150,\"caption\":\"Contab - Organiza\u00e7\u00e3o T\u00e9cnica de Contabilidade\"},\"image\":{\"@id\":\"https:\/\/www.contab.com.br\/sis\/#\/schema\/logo\/image\/\"},\"sameAs\":[\"https:\/\/www.facebook.com\/contab.tec\"]}]}<\/script>\n<!-- \/ Yoast SEO plugin. -->","yoast_head_json":{"title":"P\u00e1gina 404 - Contab","description":"Contab - Organiza\u00e7\u00e3o T\u00e9cnica de Contabilidade. H\u00e1 mais de 50 anos oferecendo servi\u00e7os de qualidade e seriedade em gest\u00e3o cont\u00e1bil, tribut\u00e1ria, empresarial e pessoal,","robots":{"index":"index","follow":"follow","max-snippet":"max-snippet:-1","max-image-preview":"max-image-preview:large","max-video-preview":"max-video-preview:-1"},"canonical":"https:\/\/www.contab.com.br\/sis\/404-page\/","og_locale":"pt_BR","og_type":"article","og_title":"P\u00e1gina 404 - Contab","og_description":"Contab - Organiza\u00e7\u00e3o T\u00e9cnica de Contabilidade. H\u00e1 mais de 50 anos oferecendo servi\u00e7os de qualidade e seriedade em gest\u00e3o cont\u00e1bil, tribut\u00e1ria, empresarial e pessoal,","og_url":"https:\/\/www.contab.com.br\/sis\/404-page\/","og_site_name":"Contab","article_publisher":"https:\/\/www.facebook.com\/contab.tec","article_modified_time":"2016-01-28T14:47:21+00:00","twitter_card":"summary_large_image","schema":{"@context":"https:\/\/schema.org","@graph":[{"@type":"WebPage","@id":"https:\/\/www.contab.com.br\/sis\/404-page\/","url":"https:\/\/www.contab.com.br\/sis\/404-page\/","name":"P\u00e1gina 404 - Contab","isPartOf":{"@id":"https:\/\/www.contab.com.br\/sis\/#website"},"datePublished":"2014-12-15T11:44:53+00:00","dateModified":"2016-01-28T14:47:21+00:00","description":"Contab - Organiza\u00e7\u00e3o T\u00e9cnica de Contabilidade. H\u00e1 mais de 50 anos oferecendo servi\u00e7os de qualidade e seriedade em gest\u00e3o cont\u00e1bil, tribut\u00e1ria, empresarial e pessoal,","breadcrumb":{"@id":"https:\/\/www.contab.com.br\/sis\/404-page\/#breadcrumb"},"inLanguage":"pt-BR","potentialAction":[{"@type":"ReadAction","target":["https:\/\/www.contab.com.br\/sis\/404-page\/"]}]},{"@type":"BreadcrumbList","@id":"https:\/\/www.contab.com.br\/sis\/404-page\/#breadcrumb","itemListElement":[{"@type":"ListItem","position":1,"name":"In\u00edcio","item":"https:\/\/www.contab.com.br\/sis\/"},{"@type":"ListItem","position":2,"name":"P\u00e1gina 404"}]},{"@type":"WebSite","@id":"https:\/\/www.contab.com.br\/sis\/#website","url":"https:\/\/www.contab.com.br\/sis\/","name":"Contab","description":"Organiza\u00e7\u00e3o T\u00e9cnica de Contabilidade - Rio de Janeiro","publisher":{"@id":"https:\/\/www.contab.com.br\/sis\/#organization"},"potentialAction":[{"@type":"SearchAction","target":{"@type":"EntryPoint","urlTemplate":"https:\/\/www.contab.com.br\/sis\/?s={search_term_string}"},"query-input":{"@type":"PropertyValueSpecification","valueRequired":true,"valueName":"search_term_string"}}],"inLanguage":"pt-BR"},{"@type":"Organization","@id":"https:\/\/www.contab.com.br\/sis\/#organization","name":"Contab - Organiza\u00e7\u00e3o T\u00e9cnica de Contabilidade","url":"https:\/\/www.contab.com.br\/sis\/","logo":{"@type":"ImageObject","inLanguage":"pt-BR","@id":"https:\/\/www.contab.com.br\/sis\/#\/schema\/logo\/image\/","url":"https:\/\/www.contab.com.br\/sis\/wp-content\/uploads\/2016\/01\/LogoContab-ok-1.jpg","contentUrl":"https:\/\/www.contab.com.br\/sis\/wp-content\/uploads\/2016\/01\/LogoContab-ok-1.jpg","width":220,"height":150,"caption":"Contab - Organiza\u00e7\u00e3o T\u00e9cnica de Contabilidade"},"image":{"@id":"https:\/\/www.contab.com.br\/sis\/#\/schema\/logo\/image\/"},"sameAs":["https:\/\/www.facebook.com\/contab.tec"]}]}},"_links":{"self":[{"href":"https:\/\/www.contab.com.br\/sis\/wp-json\/wp\/v2\/pages\/483","targetHints":{"allow":["GET"]}}],"collection":[{"href":"https:\/\/www.contab.com.br\/sis\/wp-json\/wp\/v2\/pages"}],"about":[{"href":"https:\/\/www.contab.com.br\/sis\/wp-json\/wp\/v2\/types\/page"}],"author":[{"embeddable":true,"href":"https:\/\/www.contab.com.br\/sis\/wp-json\/wp\/v2\/users\/2"}],"replies":[{"embeddable":true,"href":"https:\/\/www.contab.com.br\/sis\/wp-json\/wp\/v2\/comments?post=483"}],"version-history":[{"count":2,"href":"https:\/\/www.contab.com.br\/sis\/wp-json\/wp\/v2\/pages\/483\/revisions"}],"predecessor-version":[{"id":1576,"href":"https:\/\/www.contab.com.br\/sis\/wp-json\/wp\/v2\/pages\/483\/revisions\/1576"}],"wp:attachment":[{"href":"https:\/\/www.contab.com.br\/sis\/wp-json\/wp\/v2\/media?parent=483"}],"curies":[{"name":"wp","href":"https:\/\/api.w.org\/{rel}","templated":true}]}}