{"id":256,"date":"2014-12-10T07:18:12","date_gmt":"2014-12-10T07:18:12","guid":{"rendered":"http:\/\/anpsthemes.com\/constructo\/?page_id=256"},"modified":"2014-12-10T07:18:12","modified_gmt":"2014-12-10T07:18:12","slug":"tax-consulting","status":"publish","type":"page","link":"https:\/\/www.contab.com.br\/sis\/tax-consulting\/","title":{"rendered":"Tax consulting"},"content":{"rendered":"<p>[vc_row css=&#8221;.vc_custom_1430749132901{margin-bottom: 10px !important;}&#8221; has_content=&#8221;true&#8221;][vc_column][vc_single_image image=&#8221;1510&#8243; img_size=&#8221;full&#8221;][\/vc_column][\/vc_row][vc_row][vc_column width=&#8221;1\/2&#8243;][vc_single_image image=&#8221;1435&#8243; img_size=&#8221;full&#8221;][vc_empty_space height=&#8221;5px&#8221;]<h5 class='' ><span>ACCOUNTING <\/span><\/h5>[vc_empty_space height=&#8221;20px&#8221;][vc_column_text]A professional accounting team, with international experience will bring you high end expert service. We take care of everything, from book keeping, archiving, accounting, tax consulting and taking care of you accounts.<\/p>\n<p>&nbsp;<\/p>\n<p>We offer a 24 hour line for consulting free of charge in our golden package. Our service is highly confidential as our client list.[\/vc_column_text][\/vc_column][vc_column width=&#8221;1\/2&#8243;][vc_single_image image=&#8221;1435&#8243; img_size=&#8221;full&#8221;][vc_empty_space height=&#8221;5px&#8221;]<h5 class='' ><span>WE HELP YOU FOCUS<\/span><\/h5>[vc_empty_space height=&#8221;20px&#8221;][vc_column_text]Why should you be stacked in administration and accounting work. We take the burden off your shoulder&#8217;s and help you focus on what really matters to get your business growing.<\/p>\n<p>&nbsp;<\/p>\n<p>With our archiving capacities and constant education of our staff, monitoring ever changing regulations and global finance requirements we are sure we can be a valuable ally in your expansion.[\/vc_column_text][\/vc_column][\/vc_row][vc_row css=&#8221;.vc_custom_1430748156672{margin-top: 30px !important;}&#8221; has_content=&#8221;true&#8221;][vc_column width=&#8221;1\/2&#8243;]<div class=\"panel-group style-2 collapsed\" id=\"accordion1\"><div class=\"panel\">\n                <div class=\"panel-heading\">\n                    <h4 class=\"panel-title\">\n                        <a data-toggle=\"collapse\"  class='collapsed' href=\"#collapse1\">MANAGING YOUR FINANCES<\/a>\n                    <\/h4>\n                <\/div>\n                <div id=\"collapse1\" class=\"panel-collapse collapse\">\n                    <div class=\"panel-body\">This is an accordion shortcode text demo. This can be added trough visual composer and you can add them as many as you like.<\/div>\n                <\/div>\n            <\/div><div class=\"panel\">\n                <div class=\"panel-heading\">\n                    <h4 class=\"panel-title\">\n                        <a data-toggle=\"collapse\"  class='collapsed' href=\"#collapse2\">TAXES AND EXPENSES <\/a>\n                    <\/h4>\n                <\/div>\n                <div id=\"collapse2\" class=\"panel-collapse collapse\">\n                    <div class=\"panel-body\">This is an accordion shortcode text demo. This can be added trough visual composer and you can add them as many as you like.<\/div>\n                <\/div>\n            <\/div><div class=\"panel\">\n                <div class=\"panel-heading\">\n                    <h4 class=\"panel-title\">\n                        <a data-toggle=\"collapse\"  class='collapsed' href=\"#collapse3\">INVESTMENT AND RETURN<\/a>\n                    <\/h4>\n                <\/div>\n                <div id=\"collapse3\" class=\"panel-collapse collapse\">\n                    <div class=\"panel-body\">This is an accordion shortcode text demo. This can be added trough visual composer and you can add them as many as you like.<\/div>\n                <\/div>\n            <\/div><\/div>[\/vc_column][vc_column width=&#8221;1\/2&#8243;]<div class=\"panel-group style-2 collapsed\" id=\"accordion2\"><div class=\"panel\">\n                <div class=\"panel-heading\">\n                    <h4 class=\"panel-title\">\n                        <a data-toggle=\"collapse\"  class='collapsed' href=\"#collapse4\">VAT AND COLLECTING <\/a>\n                    <\/h4>\n                <\/div>\n                <div id=\"collapse4\" class=\"panel-collapse collapse\">\n                    <div class=\"panel-body\">This is an accordion shortcode text demo. This can be added trough visual composer and you can add them as many as you like.<\/div>\n                <\/div>\n            <\/div><div class=\"panel\">\n                <div class=\"panel-heading\">\n                    <h4 class=\"panel-title\">\n                        <a data-toggle=\"collapse\"  class='collapsed' href=\"#collapse5\">INTERNATIONAL TRADE LAW<\/a>\n                    <\/h4>\n                <\/div>\n                <div id=\"collapse5\" class=\"panel-collapse collapse\">\n                    <div class=\"panel-body\">This is an accordion shortcode text demo. This can be added trough visual composer and you can add them as many as you like.<\/div>\n                <\/div>\n            <\/div><div class=\"panel\">\n                <div class=\"panel-heading\">\n                    <h4 class=\"panel-title\">\n                        <a data-toggle=\"collapse\"  class='collapsed' href=\"#collapse6\">2015 EU VAT LAW<\/a>\n                    <\/h4>\n                <\/div>\n                <div id=\"collapse6\" class=\"panel-collapse collapse\">\n                    <div class=\"panel-body\">This is an accordion shortcode text demo. This can be added trough visual composer and you can add them as many as you like.<\/div>\n                <\/div>\n            <\/div><\/div>[\/vc_column][\/vc_row]<\/p>\n","protected":false},"excerpt":{"rendered":"<p>[vc_row css=&#8221;.vc_custom_1430749132901{margin-bottom: 10px !important;}&#8221; has_content=&#8221;true&#8221;][vc_column][vc_single_image image=&#8221;1510&#8243; img_size=&#8221;full&#8221;][\/vc_column][\/vc_row][vc_row][vc_column width=&#8221;1\/2&#8243;][vc_single_image image=&#8221;1435&#8243; img_size=&#8221;full&#8221;][vc_empty_space height=&#8221;5px&#8221;][vc_empty_space height=&#8221;20px&#8221;][vc_column_text]A professional accounting team, with international experience will bring you high end expert service. We take care of everything, from book keeping, archiving, accounting, tax consulting and taking care&#8230;<\/p>\n","protected":false},"author":2,"featured_media":0,"parent":0,"menu_order":0,"comment_status":"open","ping_status":"open","template":"","meta":{"_joinchat":[],"footnotes":""},"class_list":["post-256","page","type-page","status-publish","hentry"],"yoast_head":"<!-- This site is optimized with the Yoast SEO plugin v27.1.1 - https:\/\/yoast.com\/product\/yoast-seo-wordpress\/ -->\n<title>Tax consulting - Contab<\/title>\n<meta name=\"description\" content=\"Contab - Organiza\u00e7\u00e3o T\u00e9cnica de Contabilidade. H\u00e1 mais de 50 anos oferecendo servi\u00e7os de qualidade e seriedade em gest\u00e3o cont\u00e1bil, tribut\u00e1ria, empresarial e pessoal,\" \/>\n<meta name=\"robots\" content=\"index, follow, max-snippet:-1, max-image-preview:large, max-video-preview:-1\" \/>\n<link rel=\"canonical\" href=\"https:\/\/www.contab.com.br\/sis\/tax-consulting\/\" \/>\n<meta property=\"og:locale\" content=\"pt_BR\" \/>\n<meta property=\"og:type\" content=\"article\" \/>\n<meta property=\"og:title\" content=\"Tax consulting - Contab\" \/>\n<meta property=\"og:description\" content=\"Contab - Organiza\u00e7\u00e3o T\u00e9cnica de Contabilidade. H\u00e1 mais de 50 anos oferecendo servi\u00e7os de qualidade e seriedade em gest\u00e3o cont\u00e1bil, tribut\u00e1ria, empresarial e pessoal,\" \/>\n<meta property=\"og:url\" content=\"https:\/\/www.contab.com.br\/sis\/tax-consulting\/\" \/>\n<meta property=\"og:site_name\" content=\"Contab\" \/>\n<meta property=\"article:publisher\" content=\"https:\/\/www.facebook.com\/contab.tec\" \/>\n<meta name=\"twitter:card\" content=\"summary_large_image\" \/>\n<meta name=\"twitter:label1\" content=\"Est. tempo de leitura\" \/>\n\t<meta name=\"twitter:data1\" content=\"2 minutos\" \/>\n<script type=\"application\/ld+json\" class=\"yoast-schema-graph\">{\"@context\":\"https:\/\/schema.org\",\"@graph\":[{\"@type\":\"WebPage\",\"@id\":\"https:\/\/www.contab.com.br\/sis\/tax-consulting\/\",\"url\":\"https:\/\/www.contab.com.br\/sis\/tax-consulting\/\",\"name\":\"Tax consulting - Contab\",\"isPartOf\":{\"@id\":\"https:\/\/www.contab.com.br\/sis\/#website\"},\"datePublished\":\"2014-12-10T07:18:12+00:00\",\"description\":\"Contab - Organiza\u00e7\u00e3o T\u00e9cnica de Contabilidade. H\u00e1 mais de 50 anos oferecendo servi\u00e7os de qualidade e seriedade em gest\u00e3o cont\u00e1bil, tribut\u00e1ria, empresarial e pessoal,\",\"breadcrumb\":{\"@id\":\"https:\/\/www.contab.com.br\/sis\/tax-consulting\/#breadcrumb\"},\"inLanguage\":\"pt-BR\",\"potentialAction\":[{\"@type\":\"ReadAction\",\"target\":[\"https:\/\/www.contab.com.br\/sis\/tax-consulting\/\"]}]},{\"@type\":\"BreadcrumbList\",\"@id\":\"https:\/\/www.contab.com.br\/sis\/tax-consulting\/#breadcrumb\",\"itemListElement\":[{\"@type\":\"ListItem\",\"position\":1,\"name\":\"In\u00edcio\",\"item\":\"https:\/\/www.contab.com.br\/sis\/\"},{\"@type\":\"ListItem\",\"position\":2,\"name\":\"Tax consulting\"}]},{\"@type\":\"WebSite\",\"@id\":\"https:\/\/www.contab.com.br\/sis\/#website\",\"url\":\"https:\/\/www.contab.com.br\/sis\/\",\"name\":\"Contab\",\"description\":\"Organiza\u00e7\u00e3o T\u00e9cnica de Contabilidade - Rio de Janeiro\",\"publisher\":{\"@id\":\"https:\/\/www.contab.com.br\/sis\/#organization\"},\"potentialAction\":[{\"@type\":\"SearchAction\",\"target\":{\"@type\":\"EntryPoint\",\"urlTemplate\":\"https:\/\/www.contab.com.br\/sis\/?s={search_term_string}\"},\"query-input\":{\"@type\":\"PropertyValueSpecification\",\"valueRequired\":true,\"valueName\":\"search_term_string\"}}],\"inLanguage\":\"pt-BR\"},{\"@type\":\"Organization\",\"@id\":\"https:\/\/www.contab.com.br\/sis\/#organization\",\"name\":\"Contab - Organiza\u00e7\u00e3o T\u00e9cnica de Contabilidade\",\"url\":\"https:\/\/www.contab.com.br\/sis\/\",\"logo\":{\"@type\":\"ImageObject\",\"inLanguage\":\"pt-BR\",\"@id\":\"https:\/\/www.contab.com.br\/sis\/#\/schema\/logo\/image\/\",\"url\":\"https:\/\/www.contab.com.br\/sis\/wp-content\/uploads\/2016\/01\/LogoContab-ok-1.jpg\",\"contentUrl\":\"https:\/\/www.contab.com.br\/sis\/wp-content\/uploads\/2016\/01\/LogoContab-ok-1.jpg\",\"width\":220,\"height\":150,\"caption\":\"Contab - Organiza\u00e7\u00e3o T\u00e9cnica de Contabilidade\"},\"image\":{\"@id\":\"https:\/\/www.contab.com.br\/sis\/#\/schema\/logo\/image\/\"},\"sameAs\":[\"https:\/\/www.facebook.com\/contab.tec\"]}]}<\/script>\n<!-- \/ Yoast SEO plugin. -->","yoast_head_json":{"title":"Tax consulting - Contab","description":"Contab - Organiza\u00e7\u00e3o T\u00e9cnica de Contabilidade. H\u00e1 mais de 50 anos oferecendo servi\u00e7os de qualidade e seriedade em gest\u00e3o cont\u00e1bil, tribut\u00e1ria, empresarial e pessoal,","robots":{"index":"index","follow":"follow","max-snippet":"max-snippet:-1","max-image-preview":"max-image-preview:large","max-video-preview":"max-video-preview:-1"},"canonical":"https:\/\/www.contab.com.br\/sis\/tax-consulting\/","og_locale":"pt_BR","og_type":"article","og_title":"Tax consulting - Contab","og_description":"Contab - Organiza\u00e7\u00e3o T\u00e9cnica de Contabilidade. H\u00e1 mais de 50 anos oferecendo servi\u00e7os de qualidade e seriedade em gest\u00e3o cont\u00e1bil, tribut\u00e1ria, empresarial e pessoal,","og_url":"https:\/\/www.contab.com.br\/sis\/tax-consulting\/","og_site_name":"Contab","article_publisher":"https:\/\/www.facebook.com\/contab.tec","twitter_card":"summary_large_image","twitter_misc":{"Est. tempo de leitura":"2 minutos"},"schema":{"@context":"https:\/\/schema.org","@graph":[{"@type":"WebPage","@id":"https:\/\/www.contab.com.br\/sis\/tax-consulting\/","url":"https:\/\/www.contab.com.br\/sis\/tax-consulting\/","name":"Tax consulting - Contab","isPartOf":{"@id":"https:\/\/www.contab.com.br\/sis\/#website"},"datePublished":"2014-12-10T07:18:12+00:00","description":"Contab - Organiza\u00e7\u00e3o T\u00e9cnica de Contabilidade. H\u00e1 mais de 50 anos oferecendo servi\u00e7os de qualidade e seriedade em gest\u00e3o cont\u00e1bil, tribut\u00e1ria, empresarial e pessoal,","breadcrumb":{"@id":"https:\/\/www.contab.com.br\/sis\/tax-consulting\/#breadcrumb"},"inLanguage":"pt-BR","potentialAction":[{"@type":"ReadAction","target":["https:\/\/www.contab.com.br\/sis\/tax-consulting\/"]}]},{"@type":"BreadcrumbList","@id":"https:\/\/www.contab.com.br\/sis\/tax-consulting\/#breadcrumb","itemListElement":[{"@type":"ListItem","position":1,"name":"In\u00edcio","item":"https:\/\/www.contab.com.br\/sis\/"},{"@type":"ListItem","position":2,"name":"Tax consulting"}]},{"@type":"WebSite","@id":"https:\/\/www.contab.com.br\/sis\/#website","url":"https:\/\/www.contab.com.br\/sis\/","name":"Contab","description":"Organiza\u00e7\u00e3o T\u00e9cnica de Contabilidade - Rio de Janeiro","publisher":{"@id":"https:\/\/www.contab.com.br\/sis\/#organization"},"potentialAction":[{"@type":"SearchAction","target":{"@type":"EntryPoint","urlTemplate":"https:\/\/www.contab.com.br\/sis\/?s={search_term_string}"},"query-input":{"@type":"PropertyValueSpecification","valueRequired":true,"valueName":"search_term_string"}}],"inLanguage":"pt-BR"},{"@type":"Organization","@id":"https:\/\/www.contab.com.br\/sis\/#organization","name":"Contab - Organiza\u00e7\u00e3o T\u00e9cnica de Contabilidade","url":"https:\/\/www.contab.com.br\/sis\/","logo":{"@type":"ImageObject","inLanguage":"pt-BR","@id":"https:\/\/www.contab.com.br\/sis\/#\/schema\/logo\/image\/","url":"https:\/\/www.contab.com.br\/sis\/wp-content\/uploads\/2016\/01\/LogoContab-ok-1.jpg","contentUrl":"https:\/\/www.contab.com.br\/sis\/wp-content\/uploads\/2016\/01\/LogoContab-ok-1.jpg","width":220,"height":150,"caption":"Contab - Organiza\u00e7\u00e3o T\u00e9cnica de Contabilidade"},"image":{"@id":"https:\/\/www.contab.com.br\/sis\/#\/schema\/logo\/image\/"},"sameAs":["https:\/\/www.facebook.com\/contab.tec"]}]}},"_links":{"self":[{"href":"https:\/\/www.contab.com.br\/sis\/wp-json\/wp\/v2\/pages\/256","targetHints":{"allow":["GET"]}}],"collection":[{"href":"https:\/\/www.contab.com.br\/sis\/wp-json\/wp\/v2\/pages"}],"about":[{"href":"https:\/\/www.contab.com.br\/sis\/wp-json\/wp\/v2\/types\/page"}],"author":[{"embeddable":true,"href":"https:\/\/www.contab.com.br\/sis\/wp-json\/wp\/v2\/users\/2"}],"replies":[{"embeddable":true,"href":"https:\/\/www.contab.com.br\/sis\/wp-json\/wp\/v2\/comments?post=256"}],"version-history":[{"count":0,"href":"https:\/\/www.contab.com.br\/sis\/wp-json\/wp\/v2\/pages\/256\/revisions"}],"wp:attachment":[{"href":"https:\/\/www.contab.com.br\/sis\/wp-json\/wp\/v2\/media?parent=256"}],"curies":[{"name":"wp","href":"https:\/\/api.w.org\/{rel}","templated":true}]}}