{"id":254,"date":"2014-12-10T07:17:49","date_gmt":"2014-12-10T07:17:49","guid":{"rendered":"http:\/\/anpsthemes.com\/constructo\/?page_id=254"},"modified":"2016-02-27T10:37:42","modified_gmt":"2016-02-27T13:37:42","slug":"servicos","status":"publish","type":"page","link":"https:\/\/www.contab.com.br\/sis\/servicos\/","title":{"rendered":"Servi\u00e7os"},"content":{"rendered":"<p>[vc_row css=&#8221;.vc_custom_1430749132901{margin-bottom: 10px !important;}&#8221; has_content=&#8221;true&#8221;][vc_column][\/vc_column][\/vc_row][vc_row][vc_column width=&#8221;1\/2&#8243;][vc_single_image image=&#8221;1596&#8243; img_size=&#8221;full&#8221;][vc_empty_space height=&#8221;5px&#8221;]<h5 class='' ><span>COMPROMISSO<\/span><\/h5>[vc_empty_space height=&#8221;20px&#8221;][vc_column_text]Foram muitos, os obst\u00e1culos no decorrer deste ano. Portanto, o objetivo do escrit\u00f3rio sempre foi ajudar ao m\u00e1ximo nossos clientes, para evitarmos surpresas inesperadas.[\/vc_column_text][\/vc_column][vc_column width=&#8221;1\/2&#8243;][vc_single_image image=&#8221;1597&#8243; img_size=&#8221;full&#8221;][vc_empty_space height=&#8221;5px&#8221;]<h5 class='' ><span>SERVI\u00c7OS COM FLEXIBILIDADE, CONTROLE E RAPIDEZ<\/span><\/h5>[vc_empty_space height=&#8221;20px&#8221;][vc_column_text]Total flexibilidade e adequa\u00e7\u00e3o de nossos servi\u00e7os \u00e0s necessidades de nossos clientes. Esta \u00e9 a filosofia dos departamentos da <strong>Contab<\/strong>, cada um atuando em uma atividade espec\u00edfica, o que resulta em maior controle e rapidez no atendimento.[\/vc_column_text][\/vc_column][\/vc_row][vc_row css=&#8221;.vc_custom_1430748156672{margin-top: 30px !important;}&#8221; has_content=&#8221;true&#8221;][vc_column width=&#8221;1\/2&#8243;]<div class=\"panel-group style-2 collapsed\" id=\"accordion1\"><div class=\"panel\">\n                <div class=\"panel-heading\">\n                    <h4 class=\"panel-title\">\n                        <a data-toggle=\"collapse\"  class='collapsed' href=\"#collapse1\">DEPARTAMENTO PESSOAL<\/a>\n                    <\/h4>\n                <\/div>\n                <div id=\"collapse1\" class=\"panel-collapse collapse\">\n                    <div class=\"panel-body\">Registro de profissionais contratados, folha de pagamento, informa\u00e7\u00f5es para o Minist\u00e9rio do Trabalho, e demais obriga\u00e7\u00f5es trabalhistas e previdenci\u00e1rias.<\/p>\n<ul>\n<li>C\u00e1lculo de Folha de Pagamento, Impostos e Benef\u00edcios correlacionado<\/li>\n<li>Elabora\u00e7\u00e3o de obriga\u00e7\u00f5es acess\u00f3rias anuais tais como: DIRF, RAIS e Informe de Rendimentos<\/li>\n<li>Produ\u00e7\u00e3o de informa\u00e7\u00f5es para envio ao Minist\u00e9rio do Trabalho<\/li>\n<li>Registro de profissionais contratados<\/li>\n<li>Elabora\u00e7\u00e3o de mapas de acompanhamento de concess\u00e3o de f\u00e9rias<\/li>\n<li>Acompanhamento de acordos, conven\u00e7\u00f5es e diss\u00eddios coletivos<\/li>\n<li>Assessoria trabalhista e previdenci\u00e1ria no atendimento \u00e0 fiscaliza\u00e7\u00f5es<\/li>\n<\/ul>\n<\/div>\n                <\/div>\n            <\/div><div class=\"panel\">\n                <div class=\"panel-heading\">\n                    <h4 class=\"panel-title\">\n                        <a data-toggle=\"collapse\"  class='collapsed' href=\"#collapse2\">\u00c1REA DE LEGALIZA\u00c7\u00c3O<\/a>\n                    <\/h4>\n                <\/div>\n                <div id=\"collapse2\" class=\"panel-collapse collapse\">\n                    <div class=\"panel-body\">Prestar suporte nos processos de constitui\u00e7\u00e3o, altera\u00e7\u00e3o e encerramento das empresas junto aos \u00f3rg\u00e3os competentes.<\/p>\n<ul>\n<li>Atendimento \u00e0 Fiscaliza\u00e7\u00e3o ao n\u00edvel municipal e federal<\/li>\n<li>Abertura, Encerramento e Altera\u00e7\u00f5es de Empresas \/ Filiais<\/li>\n<li>Emiss\u00e3o de Certid\u00f5es, SICAF, CREMERJ, CNES e Vigil\u00e2ncia Sanit\u00e1ria<\/li>\n<\/ul>\n<\/div>\n                <\/div>\n            <\/div><\/div>[\/vc_column][vc_column width=&#8221;1\/2&#8243;]<div class=\"panel-group style-2 collapsed\" id=\"accordion2\"><div class=\"panel\">\n                <div class=\"panel-heading\">\n                    <h4 class=\"panel-title\">\n                        <a data-toggle=\"collapse\"  class='collapsed' href=\"#collapse3\">DEPARTAMENTO FISCAL<\/a>\n                    <\/h4>\n                <\/div>\n                <div id=\"collapse3\" class=\"panel-collapse collapse\">\n                    <div class=\"panel-body\">Escritura\u00e7\u00e3o eletr\u00f4nica de documentos fiscais, inclusive SPED Fiscal. C\u00e1lculo de tributos indiretos, e elabora\u00e7\u00e3o de obriga\u00e7\u00f5es acess\u00f3rias, regimes especiais, consultas, pedidos de restitui\u00e7\u00e3o e compensa\u00e7\u00e3o.<\/p>\n<ul>\n<li>Apura\u00e7\u00e3o, Planejamento e Orienta\u00e7\u00e3o Tribut\u00e1ria para fins de op\u00e7\u00e3o ao regime de tributa\u00e7\u00e3o do IRPJ e CSLL<\/li>\n<li>Escritura\u00e7\u00e3o eletr\u00f4nica de documentos fiscais<\/li>\n<li>Execu\u00e7\u00e3o de todas as Rotinas Fiscais<\/li>\n<li>Elabora\u00e7\u00e3o de Declara\u00e7\u00e3o de IR para pessoa f\u00edsica e jur\u00eddica<\/li>\n<li>Levantamento Tribut\u00e1rio e Fiscal com restitui\u00e7\u00e3o e compensa\u00e7\u00e3o de tributos federais<\/li>\n<\/ul>\n<\/div>\n                <\/div>\n            <\/div><div class=\"panel\">\n                <div class=\"panel-heading\">\n                    <h4 class=\"panel-title\">\n                        <a data-toggle=\"collapse\"  class='collapsed' href=\"#collapse4\">DEPARTAMENTO CONT\u00c1BIL<\/a>\n                    <\/h4>\n                <\/div>\n                <div id=\"collapse4\" class=\"panel-collapse collapse\">\n                    <div class=\"panel-body\">Elabora\u00e7\u00e3o e An\u00e1lise das Demonstra\u00e7\u00f5es Cont\u00e1beis, adequadas aos padr\u00f5es cont\u00e1beis internacionais, SPED Cont\u00e1bil e EFD Pis\/Cofins. C\u00e1lculo de tributos diretos, elabora\u00e7\u00e3o de obriga\u00e7\u00f5es acess\u00f3rias.<\/p>\n<ul>\n<li>Planejamento e Orienta\u00e7\u00e3o Cont\u00e1bil e Fiscal<\/li>\n<li>Plano de Contas conforme atividade econ\u00f4mica<\/li>\n<li>Escritura\u00e7\u00e3o de Livros Cont\u00e1beis conforme legisla\u00e7\u00e3o vigente, inclusive SPED<\/li>\n<li>Elabora\u00e7\u00e3o de Balan\u00e7os \/ Balancetes Mensais<\/li>\n<li>Contabiliza\u00e7\u00e3o atualizada de acordo com a nova Lei n\u00ba 11.638\/07 que objetivou adequar as normas cont\u00e1beis brasileiras \u00e0s normas cont\u00e1beis internacionais<\/li>\n<\/ul>\n<\/div>\n                <\/div>\n            <\/div><\/div>[\/vc_column][\/vc_row]<\/p>\n","protected":false},"excerpt":{"rendered":"<p>[vc_row css=&#8221;.vc_custom_1430749132901{margin-bottom: 10px !important;}&#8221; has_content=&#8221;true&#8221;][vc_column][\/vc_column][\/vc_row][vc_row][vc_column width=&#8221;1\/2&#8243;][vc_single_image image=&#8221;1596&#8243; img_size=&#8221;full&#8221;][vc_empty_space height=&#8221;5px&#8221;][vc_empty_space height=&#8221;20px&#8221;][vc_column_text]Foram muitos, os obst\u00e1culos no decorrer deste ano. Portanto, o objetivo do escrit\u00f3rio sempre foi ajudar ao m\u00e1ximo nossos clientes, para evitarmos surpresas inesperadas.[\/vc_column_text][\/vc_column][vc_column width=&#8221;1\/2&#8243;][vc_single_image image=&#8221;1597&#8243; img_size=&#8221;full&#8221;][vc_empty_space height=&#8221;5px&#8221;][vc_empty_space height=&#8221;20px&#8221;][vc_column_text]Total flexibilidade e&#8230;<\/p>\n","protected":false},"author":2,"featured_media":0,"parent":0,"menu_order":0,"comment_status":"open","ping_status":"open","template":"","meta":{"_joinchat":[],"footnotes":""},"class_list":["post-254","page","type-page","status-publish","hentry"],"yoast_head":"<!-- This site is optimized with the Yoast SEO plugin v27.1.1 - https:\/\/yoast.com\/product\/yoast-seo-wordpress\/ -->\n<title>Servi\u00e7os - Contab<\/title>\n<meta name=\"description\" content=\"Contab - Organiza\u00e7\u00e3o T\u00e9cnica de Contabilidade. H\u00e1 mais de 50 anos oferecendo servi\u00e7os de qualidade e seriedade em gest\u00e3o cont\u00e1bil, tribut\u00e1ria, empresarial e pessoal,\" \/>\n<meta name=\"robots\" content=\"index, follow, max-snippet:-1, max-image-preview:large, max-video-preview:-1\" \/>\n<link rel=\"canonical\" href=\"https:\/\/www.contab.com.br\/sis\/servicos\/\" \/>\n<meta property=\"og:locale\" content=\"pt_BR\" \/>\n<meta property=\"og:type\" content=\"article\" \/>\n<meta property=\"og:title\" content=\"Servi\u00e7os - Contab\" \/>\n<meta property=\"og:description\" content=\"Contab - Organiza\u00e7\u00e3o T\u00e9cnica de Contabilidade. H\u00e1 mais de 50 anos oferecendo servi\u00e7os de qualidade e seriedade em gest\u00e3o cont\u00e1bil, tribut\u00e1ria, empresarial e pessoal,\" \/>\n<meta property=\"og:url\" content=\"https:\/\/www.contab.com.br\/sis\/servicos\/\" \/>\n<meta property=\"og:site_name\" content=\"Contab\" \/>\n<meta property=\"article:publisher\" content=\"https:\/\/www.facebook.com\/contab.tec\" \/>\n<meta property=\"article:modified_time\" content=\"2016-02-27T13:37:42+00:00\" \/>\n<meta name=\"twitter:card\" content=\"summary_large_image\" \/>\n<meta name=\"twitter:label1\" content=\"Est. tempo de leitura\" \/>\n\t<meta name=\"twitter:data1\" content=\"3 minutos\" \/>\n<script type=\"application\/ld+json\" class=\"yoast-schema-graph\">{\"@context\":\"https:\/\/schema.org\",\"@graph\":[{\"@type\":\"WebPage\",\"@id\":\"https:\/\/www.contab.com.br\/sis\/servicos\/\",\"url\":\"https:\/\/www.contab.com.br\/sis\/servicos\/\",\"name\":\"Servi\u00e7os - Contab\",\"isPartOf\":{\"@id\":\"https:\/\/www.contab.com.br\/sis\/#website\"},\"datePublished\":\"2014-12-10T07:17:49+00:00\",\"dateModified\":\"2016-02-27T13:37:42+00:00\",\"description\":\"Contab - Organiza\u00e7\u00e3o T\u00e9cnica de Contabilidade. H\u00e1 mais de 50 anos oferecendo servi\u00e7os de qualidade e seriedade em gest\u00e3o cont\u00e1bil, tribut\u00e1ria, empresarial e pessoal,\",\"breadcrumb\":{\"@id\":\"https:\/\/www.contab.com.br\/sis\/servicos\/#breadcrumb\"},\"inLanguage\":\"pt-BR\",\"potentialAction\":[{\"@type\":\"ReadAction\",\"target\":[\"https:\/\/www.contab.com.br\/sis\/servicos\/\"]}]},{\"@type\":\"BreadcrumbList\",\"@id\":\"https:\/\/www.contab.com.br\/sis\/servicos\/#breadcrumb\",\"itemListElement\":[{\"@type\":\"ListItem\",\"position\":1,\"name\":\"In\u00edcio\",\"item\":\"https:\/\/www.contab.com.br\/sis\/\"},{\"@type\":\"ListItem\",\"position\":2,\"name\":\"Servi\u00e7os\"}]},{\"@type\":\"WebSite\",\"@id\":\"https:\/\/www.contab.com.br\/sis\/#website\",\"url\":\"https:\/\/www.contab.com.br\/sis\/\",\"name\":\"Contab\",\"description\":\"Organiza\u00e7\u00e3o T\u00e9cnica de Contabilidade - Rio de Janeiro\",\"publisher\":{\"@id\":\"https:\/\/www.contab.com.br\/sis\/#organization\"},\"potentialAction\":[{\"@type\":\"SearchAction\",\"target\":{\"@type\":\"EntryPoint\",\"urlTemplate\":\"https:\/\/www.contab.com.br\/sis\/?s={search_term_string}\"},\"query-input\":{\"@type\":\"PropertyValueSpecification\",\"valueRequired\":true,\"valueName\":\"search_term_string\"}}],\"inLanguage\":\"pt-BR\"},{\"@type\":\"Organization\",\"@id\":\"https:\/\/www.contab.com.br\/sis\/#organization\",\"name\":\"Contab - Organiza\u00e7\u00e3o T\u00e9cnica de Contabilidade\",\"url\":\"https:\/\/www.contab.com.br\/sis\/\",\"logo\":{\"@type\":\"ImageObject\",\"inLanguage\":\"pt-BR\",\"@id\":\"https:\/\/www.contab.com.br\/sis\/#\/schema\/logo\/image\/\",\"url\":\"https:\/\/www.contab.com.br\/sis\/wp-content\/uploads\/2016\/01\/LogoContab-ok-1.jpg\",\"contentUrl\":\"https:\/\/www.contab.com.br\/sis\/wp-content\/uploads\/2016\/01\/LogoContab-ok-1.jpg\",\"width\":220,\"height\":150,\"caption\":\"Contab - Organiza\u00e7\u00e3o T\u00e9cnica de Contabilidade\"},\"image\":{\"@id\":\"https:\/\/www.contab.com.br\/sis\/#\/schema\/logo\/image\/\"},\"sameAs\":[\"https:\/\/www.facebook.com\/contab.tec\"]}]}<\/script>\n<!-- \/ Yoast SEO plugin. -->","yoast_head_json":{"title":"Servi\u00e7os - Contab","description":"Contab - Organiza\u00e7\u00e3o T\u00e9cnica de Contabilidade. H\u00e1 mais de 50 anos oferecendo servi\u00e7os de qualidade e seriedade em gest\u00e3o cont\u00e1bil, tribut\u00e1ria, empresarial e pessoal,","robots":{"index":"index","follow":"follow","max-snippet":"max-snippet:-1","max-image-preview":"max-image-preview:large","max-video-preview":"max-video-preview:-1"},"canonical":"https:\/\/www.contab.com.br\/sis\/servicos\/","og_locale":"pt_BR","og_type":"article","og_title":"Servi\u00e7os - Contab","og_description":"Contab - Organiza\u00e7\u00e3o T\u00e9cnica de Contabilidade. H\u00e1 mais de 50 anos oferecendo servi\u00e7os de qualidade e seriedade em gest\u00e3o cont\u00e1bil, tribut\u00e1ria, empresarial e pessoal,","og_url":"https:\/\/www.contab.com.br\/sis\/servicos\/","og_site_name":"Contab","article_publisher":"https:\/\/www.facebook.com\/contab.tec","article_modified_time":"2016-02-27T13:37:42+00:00","twitter_card":"summary_large_image","twitter_misc":{"Est. tempo de leitura":"3 minutos"},"schema":{"@context":"https:\/\/schema.org","@graph":[{"@type":"WebPage","@id":"https:\/\/www.contab.com.br\/sis\/servicos\/","url":"https:\/\/www.contab.com.br\/sis\/servicos\/","name":"Servi\u00e7os - Contab","isPartOf":{"@id":"https:\/\/www.contab.com.br\/sis\/#website"},"datePublished":"2014-12-10T07:17:49+00:00","dateModified":"2016-02-27T13:37:42+00:00","description":"Contab - Organiza\u00e7\u00e3o T\u00e9cnica de Contabilidade. H\u00e1 mais de 50 anos oferecendo servi\u00e7os de qualidade e seriedade em gest\u00e3o cont\u00e1bil, tribut\u00e1ria, empresarial e pessoal,","breadcrumb":{"@id":"https:\/\/www.contab.com.br\/sis\/servicos\/#breadcrumb"},"inLanguage":"pt-BR","potentialAction":[{"@type":"ReadAction","target":["https:\/\/www.contab.com.br\/sis\/servicos\/"]}]},{"@type":"BreadcrumbList","@id":"https:\/\/www.contab.com.br\/sis\/servicos\/#breadcrumb","itemListElement":[{"@type":"ListItem","position":1,"name":"In\u00edcio","item":"https:\/\/www.contab.com.br\/sis\/"},{"@type":"ListItem","position":2,"name":"Servi\u00e7os"}]},{"@type":"WebSite","@id":"https:\/\/www.contab.com.br\/sis\/#website","url":"https:\/\/www.contab.com.br\/sis\/","name":"Contab","description":"Organiza\u00e7\u00e3o T\u00e9cnica de Contabilidade - Rio de Janeiro","publisher":{"@id":"https:\/\/www.contab.com.br\/sis\/#organization"},"potentialAction":[{"@type":"SearchAction","target":{"@type":"EntryPoint","urlTemplate":"https:\/\/www.contab.com.br\/sis\/?s={search_term_string}"},"query-input":{"@type":"PropertyValueSpecification","valueRequired":true,"valueName":"search_term_string"}}],"inLanguage":"pt-BR"},{"@type":"Organization","@id":"https:\/\/www.contab.com.br\/sis\/#organization","name":"Contab - Organiza\u00e7\u00e3o T\u00e9cnica de Contabilidade","url":"https:\/\/www.contab.com.br\/sis\/","logo":{"@type":"ImageObject","inLanguage":"pt-BR","@id":"https:\/\/www.contab.com.br\/sis\/#\/schema\/logo\/image\/","url":"https:\/\/www.contab.com.br\/sis\/wp-content\/uploads\/2016\/01\/LogoContab-ok-1.jpg","contentUrl":"https:\/\/www.contab.com.br\/sis\/wp-content\/uploads\/2016\/01\/LogoContab-ok-1.jpg","width":220,"height":150,"caption":"Contab - Organiza\u00e7\u00e3o T\u00e9cnica de Contabilidade"},"image":{"@id":"https:\/\/www.contab.com.br\/sis\/#\/schema\/logo\/image\/"},"sameAs":["https:\/\/www.facebook.com\/contab.tec"]}]}},"_links":{"self":[{"href":"https:\/\/www.contab.com.br\/sis\/wp-json\/wp\/v2\/pages\/254","targetHints":{"allow":["GET"]}}],"collection":[{"href":"https:\/\/www.contab.com.br\/sis\/wp-json\/wp\/v2\/pages"}],"about":[{"href":"https:\/\/www.contab.com.br\/sis\/wp-json\/wp\/v2\/types\/page"}],"author":[{"embeddable":true,"href":"https:\/\/www.contab.com.br\/sis\/wp-json\/wp\/v2\/users\/2"}],"replies":[{"embeddable":true,"href":"https:\/\/www.contab.com.br\/sis\/wp-json\/wp\/v2\/comments?post=254"}],"version-history":[{"count":8,"href":"https:\/\/www.contab.com.br\/sis\/wp-json\/wp\/v2\/pages\/254\/revisions"}],"predecessor-version":[{"id":1707,"href":"https:\/\/www.contab.com.br\/sis\/wp-json\/wp\/v2\/pages\/254\/revisions\/1707"}],"wp:attachment":[{"href":"https:\/\/www.contab.com.br\/sis\/wp-json\/wp\/v2\/media?parent=254"}],"curies":[{"name":"wp","href":"https:\/\/api.w.org\/{rel}","templated":true}]}}