{"id":1350,"date":"2015-05-12T09:04:22","date_gmt":"2015-05-12T09:04:22","guid":{"rendered":"http:\/\/astudio.si\/accounting\/?page_id=1350"},"modified":"2015-05-12T09:04:22","modified_gmt":"2015-05-12T09:04:22","slug":"pricing","status":"publish","type":"page","link":"https:\/\/www.contab.com.br\/sis\/pricing\/","title":{"rendered":"Pricing"},"content":{"rendered":"<p>[vc_row full_width=&#8221;&#8221; parallax=&#8221;&#8221; parallax_image=&#8221;&#8221; has_content=&#8221;true&#8221;][vc_column width=&#8221;1\/1&#8243;]<h1 class='style-3 ' ><span>Affordable prices for any type of company<\/span><\/h1>[vc_empty_space height=&#8221;15px&#8221;][vc_separator color=&#8221;grey&#8221; align=&#8221;align_center&#8221;][vc_empty_space height=&#8221;30px&#8221;][vc_column_text]We offer affordable prices which we divided into three packages. However we do offer custom pricing, for which you will have to contact us and we will send you a free analysis of your current state and what would be the cost of managing either a separate service or a complete solution. Do get in touch and we will be happy to consult you free of charge.[\/vc_column_text][\/vc_column][\/vc_row][vc_row has_content=&#8221;true&#8221; css=&#8221;.vc_custom_1431426756230{margin-top: 50px !important;}&#8221;][vc_column width=&#8221;1\/3&#8243;]<div class='pricing-table'><header><h2>Micro Company<\/h2><span class='currency'>$<\/span><span class='price'>29<\/span><div class='date'>month<\/div><\/header><ul><li>Administration (2h)<\/li><li>VAT compliant<\/li><li>Consulting<\/li><li>10 Invoices monthly <\/li><li>2 employees <\/li><li><a class=\"btn btn-md\" href=\"#\">Get a quote<\/a><\/li><\/ul><\/div>[\/vc_column][vc_column width=&#8221;1\/3&#8243;]<div class='pricing-table exposed'><header><h2>Medium Company<\/h2><span class='currency'>$<\/span><span class='price'>89<\/span><div class='date'>month<\/div><\/header><ul><li>Administration (15h)<\/li><li>VAT compliant<\/li><li>24\/7 Consulting<\/li><li>45 Invoices monthly <\/li><li>20 employees <\/li><li><a class=\"btn btn-md\" href=\"#\">Get a quote<\/a><\/li><\/ul><\/div>[\/vc_column][vc_column width=&#8221;1\/3&#8243;]<div class='pricing-table'><header><h2>Medium Company<\/h2><span class='currency'>$<\/span><span class='price'>199<\/span><div class='date'>month<\/div><\/header><ul><li>Administration (unlimited)<\/li><li>VAT compliant<\/li><li>24\/7 Consulting<\/li><li>300 Invoices monthly <\/li><li>50 employees <\/li><li><a class=\"btn btn-md\" href=\"#\">Get a quote<\/a><\/li><\/ul><\/div>[\/vc_column][\/vc_row]<\/p>\n","protected":false},"excerpt":{"rendered":"<p>[vc_row full_width=&#8221;&#8221; parallax=&#8221;&#8221; parallax_image=&#8221;&#8221; has_content=&#8221;true&#8221;][vc_column width=&#8221;1\/1&#8243;][vc_empty_space height=&#8221;15px&#8221;][vc_separator color=&#8221;grey&#8221; align=&#8221;align_center&#8221;][vc_empty_space height=&#8221;30px&#8221;][vc_column_text]We offer affordable prices which we divided into three packages. However we do offer custom pricing, for which you will have to contact us and we will send you a free&#8230;<\/p>\n","protected":false},"author":2,"featured_media":0,"parent":0,"menu_order":0,"comment_status":"open","ping_status":"open","template":"","meta":{"_joinchat":[],"footnotes":""},"class_list":["post-1350","page","type-page","status-publish","hentry"],"yoast_head":"<!-- This site is optimized with the Yoast SEO plugin v27.1.1 - https:\/\/yoast.com\/product\/yoast-seo-wordpress\/ -->\n<title>Pricing - Contab<\/title>\n<meta name=\"description\" content=\"Contab - Organiza\u00e7\u00e3o T\u00e9cnica de Contabilidade. H\u00e1 mais de 50 anos oferecendo servi\u00e7os de qualidade e seriedade em gest\u00e3o cont\u00e1bil, tribut\u00e1ria, empresarial e pessoal,\" \/>\n<meta name=\"robots\" content=\"index, follow, max-snippet:-1, max-image-preview:large, max-video-preview:-1\" \/>\n<link rel=\"canonical\" href=\"https:\/\/www.contab.com.br\/sis\/pricing\/\" \/>\n<meta property=\"og:locale\" content=\"pt_BR\" \/>\n<meta property=\"og:type\" content=\"article\" \/>\n<meta property=\"og:title\" content=\"Pricing - Contab\" \/>\n<meta property=\"og:description\" content=\"Contab - Organiza\u00e7\u00e3o T\u00e9cnica de Contabilidade. H\u00e1 mais de 50 anos oferecendo servi\u00e7os de qualidade e seriedade em gest\u00e3o cont\u00e1bil, tribut\u00e1ria, empresarial e pessoal,\" \/>\n<meta property=\"og:url\" content=\"https:\/\/www.contab.com.br\/sis\/pricing\/\" \/>\n<meta property=\"og:site_name\" content=\"Contab\" \/>\n<meta property=\"article:publisher\" content=\"https:\/\/www.facebook.com\/contab.tec\" \/>\n<meta name=\"twitter:card\" content=\"summary_large_image\" \/>\n<meta name=\"twitter:label1\" content=\"Est. tempo de leitura\" \/>\n\t<meta name=\"twitter:data1\" content=\"2 minutos\" \/>\n<script type=\"application\/ld+json\" class=\"yoast-schema-graph\">{\"@context\":\"https:\/\/schema.org\",\"@graph\":[{\"@type\":\"WebPage\",\"@id\":\"https:\/\/www.contab.com.br\/sis\/pricing\/\",\"url\":\"https:\/\/www.contab.com.br\/sis\/pricing\/\",\"name\":\"Pricing - Contab\",\"isPartOf\":{\"@id\":\"https:\/\/www.contab.com.br\/sis\/#website\"},\"datePublished\":\"2015-05-12T09:04:22+00:00\",\"description\":\"Contab - Organiza\u00e7\u00e3o T\u00e9cnica de Contabilidade. H\u00e1 mais de 50 anos oferecendo servi\u00e7os de qualidade e seriedade em gest\u00e3o cont\u00e1bil, tribut\u00e1ria, empresarial e pessoal,\",\"breadcrumb\":{\"@id\":\"https:\/\/www.contab.com.br\/sis\/pricing\/#breadcrumb\"},\"inLanguage\":\"pt-BR\",\"potentialAction\":[{\"@type\":\"ReadAction\",\"target\":[\"https:\/\/www.contab.com.br\/sis\/pricing\/\"]}]},{\"@type\":\"BreadcrumbList\",\"@id\":\"https:\/\/www.contab.com.br\/sis\/pricing\/#breadcrumb\",\"itemListElement\":[{\"@type\":\"ListItem\",\"position\":1,\"name\":\"In\u00edcio\",\"item\":\"https:\/\/www.contab.com.br\/sis\/\"},{\"@type\":\"ListItem\",\"position\":2,\"name\":\"Pricing\"}]},{\"@type\":\"WebSite\",\"@id\":\"https:\/\/www.contab.com.br\/sis\/#website\",\"url\":\"https:\/\/www.contab.com.br\/sis\/\",\"name\":\"Contab\",\"description\":\"Organiza\u00e7\u00e3o T\u00e9cnica de Contabilidade - Rio de Janeiro\",\"publisher\":{\"@id\":\"https:\/\/www.contab.com.br\/sis\/#organization\"},\"potentialAction\":[{\"@type\":\"SearchAction\",\"target\":{\"@type\":\"EntryPoint\",\"urlTemplate\":\"https:\/\/www.contab.com.br\/sis\/?s={search_term_string}\"},\"query-input\":{\"@type\":\"PropertyValueSpecification\",\"valueRequired\":true,\"valueName\":\"search_term_string\"}}],\"inLanguage\":\"pt-BR\"},{\"@type\":\"Organization\",\"@id\":\"https:\/\/www.contab.com.br\/sis\/#organization\",\"name\":\"Contab - Organiza\u00e7\u00e3o T\u00e9cnica de Contabilidade\",\"url\":\"https:\/\/www.contab.com.br\/sis\/\",\"logo\":{\"@type\":\"ImageObject\",\"inLanguage\":\"pt-BR\",\"@id\":\"https:\/\/www.contab.com.br\/sis\/#\/schema\/logo\/image\/\",\"url\":\"https:\/\/www.contab.com.br\/sis\/wp-content\/uploads\/2016\/01\/LogoContab-ok-1.jpg\",\"contentUrl\":\"https:\/\/www.contab.com.br\/sis\/wp-content\/uploads\/2016\/01\/LogoContab-ok-1.jpg\",\"width\":220,\"height\":150,\"caption\":\"Contab - Organiza\u00e7\u00e3o T\u00e9cnica de Contabilidade\"},\"image\":{\"@id\":\"https:\/\/www.contab.com.br\/sis\/#\/schema\/logo\/image\/\"},\"sameAs\":[\"https:\/\/www.facebook.com\/contab.tec\"]}]}<\/script>\n<!-- \/ Yoast SEO plugin. -->","yoast_head_json":{"title":"Pricing - Contab","description":"Contab - Organiza\u00e7\u00e3o T\u00e9cnica de Contabilidade. H\u00e1 mais de 50 anos oferecendo servi\u00e7os de qualidade e seriedade em gest\u00e3o cont\u00e1bil, tribut\u00e1ria, empresarial e pessoal,","robots":{"index":"index","follow":"follow","max-snippet":"max-snippet:-1","max-image-preview":"max-image-preview:large","max-video-preview":"max-video-preview:-1"},"canonical":"https:\/\/www.contab.com.br\/sis\/pricing\/","og_locale":"pt_BR","og_type":"article","og_title":"Pricing - Contab","og_description":"Contab - Organiza\u00e7\u00e3o T\u00e9cnica de Contabilidade. H\u00e1 mais de 50 anos oferecendo servi\u00e7os de qualidade e seriedade em gest\u00e3o cont\u00e1bil, tribut\u00e1ria, empresarial e pessoal,","og_url":"https:\/\/www.contab.com.br\/sis\/pricing\/","og_site_name":"Contab","article_publisher":"https:\/\/www.facebook.com\/contab.tec","twitter_card":"summary_large_image","twitter_misc":{"Est. tempo de leitura":"2 minutos"},"schema":{"@context":"https:\/\/schema.org","@graph":[{"@type":"WebPage","@id":"https:\/\/www.contab.com.br\/sis\/pricing\/","url":"https:\/\/www.contab.com.br\/sis\/pricing\/","name":"Pricing - Contab","isPartOf":{"@id":"https:\/\/www.contab.com.br\/sis\/#website"},"datePublished":"2015-05-12T09:04:22+00:00","description":"Contab - Organiza\u00e7\u00e3o T\u00e9cnica de Contabilidade. H\u00e1 mais de 50 anos oferecendo servi\u00e7os de qualidade e seriedade em gest\u00e3o cont\u00e1bil, tribut\u00e1ria, empresarial e pessoal,","breadcrumb":{"@id":"https:\/\/www.contab.com.br\/sis\/pricing\/#breadcrumb"},"inLanguage":"pt-BR","potentialAction":[{"@type":"ReadAction","target":["https:\/\/www.contab.com.br\/sis\/pricing\/"]}]},{"@type":"BreadcrumbList","@id":"https:\/\/www.contab.com.br\/sis\/pricing\/#breadcrumb","itemListElement":[{"@type":"ListItem","position":1,"name":"In\u00edcio","item":"https:\/\/www.contab.com.br\/sis\/"},{"@type":"ListItem","position":2,"name":"Pricing"}]},{"@type":"WebSite","@id":"https:\/\/www.contab.com.br\/sis\/#website","url":"https:\/\/www.contab.com.br\/sis\/","name":"Contab","description":"Organiza\u00e7\u00e3o T\u00e9cnica de Contabilidade - Rio de Janeiro","publisher":{"@id":"https:\/\/www.contab.com.br\/sis\/#organization"},"potentialAction":[{"@type":"SearchAction","target":{"@type":"EntryPoint","urlTemplate":"https:\/\/www.contab.com.br\/sis\/?s={search_term_string}"},"query-input":{"@type":"PropertyValueSpecification","valueRequired":true,"valueName":"search_term_string"}}],"inLanguage":"pt-BR"},{"@type":"Organization","@id":"https:\/\/www.contab.com.br\/sis\/#organization","name":"Contab - Organiza\u00e7\u00e3o T\u00e9cnica de Contabilidade","url":"https:\/\/www.contab.com.br\/sis\/","logo":{"@type":"ImageObject","inLanguage":"pt-BR","@id":"https:\/\/www.contab.com.br\/sis\/#\/schema\/logo\/image\/","url":"https:\/\/www.contab.com.br\/sis\/wp-content\/uploads\/2016\/01\/LogoContab-ok-1.jpg","contentUrl":"https:\/\/www.contab.com.br\/sis\/wp-content\/uploads\/2016\/01\/LogoContab-ok-1.jpg","width":220,"height":150,"caption":"Contab - Organiza\u00e7\u00e3o T\u00e9cnica de Contabilidade"},"image":{"@id":"https:\/\/www.contab.com.br\/sis\/#\/schema\/logo\/image\/"},"sameAs":["https:\/\/www.facebook.com\/contab.tec"]}]}},"_links":{"self":[{"href":"https:\/\/www.contab.com.br\/sis\/wp-json\/wp\/v2\/pages\/1350","targetHints":{"allow":["GET"]}}],"collection":[{"href":"https:\/\/www.contab.com.br\/sis\/wp-json\/wp\/v2\/pages"}],"about":[{"href":"https:\/\/www.contab.com.br\/sis\/wp-json\/wp\/v2\/types\/page"}],"author":[{"embeddable":true,"href":"https:\/\/www.contab.com.br\/sis\/wp-json\/wp\/v2\/users\/2"}],"replies":[{"embeddable":true,"href":"https:\/\/www.contab.com.br\/sis\/wp-json\/wp\/v2\/comments?post=1350"}],"version-history":[{"count":0,"href":"https:\/\/www.contab.com.br\/sis\/wp-json\/wp\/v2\/pages\/1350\/revisions"}],"wp:attachment":[{"href":"https:\/\/www.contab.com.br\/sis\/wp-json\/wp\/v2\/media?parent=1350"}],"curies":[{"name":"wp","href":"https:\/\/api.w.org\/{rel}","templated":true}]}}